{"id":153,"date":"2021-06-29T06:24:03","date_gmt":"2021-06-29T08:24:03","guid":{"rendered":"http:\/\/www.farmarketing.lt\/?page_id=153"},"modified":"2026-01-09T12:50:29","modified_gmt":"2026-01-09T10:50:29","slug":"about-us","status":"publish","type":"page","link":"https:\/\/farmarketing.lt\/","title":{"rendered":"Apie mus"},"content":{"rendered":"\t\t<div data-elementor-type=\"wp-page\" data-elementor-id=\"153\" class=\"elementor elementor-153\">\n\t\t\t\t\t\t<section class=\"elementor-section elementor-top-section elementor-element elementor-element-3f0ebd91 elementor-section-boxed elementor-section-height-default elementor-section-height-default\" data-id=\"3f0ebd91\" data-element_type=\"section\" data-e-type=\"section\">\n\t\t\t\t\t\t<div class=\"elementor-container elementor-column-gap-default\">\n\t\t\t\t\t<div class=\"elementor-column elementor-col-100 elementor-top-column elementor-element elementor-element-53c759e9\" data-id=\"53c759e9\" data-element_type=\"column\" data-e-type=\"column\">\n\t\t\t<div class=\"elementor-widget-wrap elementor-element-populated\">\n\t\t\t\t\t\t<div class=\"elementor-element elementor-element-3fd41fc3 elementor-widget elementor-widget-text-editor\" data-id=\"3fd41fc3\" data-element_type=\"widget\" data-e-type=\"widget\" data-widget_type=\"text-editor.default\">\n\t\t\t\t<div class=\"elementor-widget-container\">\n\t\t\t\t\t\t\t\t\t<p><\/p>\n<p><strong>Mes teikiame \u0161ias paslaugas Lietuvoje:<\/strong><\/p>\n<p><\/p>\n<ol class=\"wp-block-list\"><p><\/p>\n<li>Vaistini\u0173 preparat\u0173, medicinos prietais\u0173 registracija, maisto papild\u0173 notifikavimas;<\/li>\n<p><\/p>\n<li>Vaistini\u0173 preparat\u0173, medicinos prietais\u0173 ir maisto papild\u0173 rinkodara, rinkos analiz\u0117;<\/li><p><\/p><p><\/p><p><\/p>\n<li>Didmenin\u0117, ma\u017emenin\u0117 bei <a href=\"https:\/\/pharmashop.lt\/\">e-prekyba<\/a> vaistini\u0173 asortimento ir kitomis prek\u0117mis (i\u0161skyrus vaistinius preparatus).<\/li>\n<p><\/p>\n<li>Ry\u0161i\u0173 su klientais valdymas (<a href=\"https:\/\/onlinecrm.lt\/\">CRM<\/a>).<\/li>\n<p><\/p><\/ol>\n<p><\/p>\n<p>Mes gerbiame J\u016bs\u0173 teis\u0119 \u012f privatum\u0105 ir asmens duomen\u0173 apsaug\u0105 ir \u012fsipareigojame j\u0105 u\u017etikrinti.<\/p>\n<p><\/p>\n<p>Susipa\u017einti su privatumo politika galite \u010dia \u2013 <a href=\"https:\/\/farmarketing.lt\/index.php\/privacy-policy-2\/\">Privatumo taisykl\u0117s<\/a>.<\/p>\n<p><\/p>\t\t\t\t\t\t\t\t<\/div>\n\t\t\t\t<\/div>\n\t\t\t\t\t<\/div>\n\t\t<\/div>\n\t\t\t\t\t<\/div>\n\t\t<\/section>\n\t\t\t\t<\/div>\n\t\t","protected":false},"excerpt":{"rendered":"<p>Mes teikiame \u0161ias paslaugas Lietuvoje: Mes gerbiame J\u016bs\u0173 teis\u0119 \u012f privatum\u0105 ir asmens duomen\u0173 apsaug\u0105 ir \u012fsipareigojame j\u0105 u\u017etikrinti. Susipa\u017einti su privatumo politika galite \u010dia \u2013 Privatumo taisykl\u0117s.<\/p>\n","protected":false},"author":1,"featured_media":0,"parent":0,"menu_order":0,"comment_status":"closed","ping_status":"closed","template":"","meta":{"footnotes":""},"class_list":["post-153","page","type-page","status-publish","hentry"],"_links":{"self":[{"href":"https:\/\/farmarketing.lt\/index.php\/wp-json\/wp\/v2\/pages\/153","targetHints":{"allow":["GET"]}}],"collection":[{"href":"https:\/\/farmarketing.lt\/index.php\/wp-json\/wp\/v2\/pages"}],"about":[{"href":"https:\/\/farmarketing.lt\/index.php\/wp-json\/wp\/v2\/types\/page"}],"author":[{"embeddable":true,"href":"https:\/\/farmarketing.lt\/index.php\/wp-json\/wp\/v2\/users\/1"}],"replies":[{"embeddable":true,"href":"https:\/\/farmarketing.lt\/index.php\/wp-json\/wp\/v2\/comments?post=153"}],"version-history":[{"count":9,"href":"https:\/\/farmarketing.lt\/index.php\/wp-json\/wp\/v2\/pages\/153\/revisions"}],"predecessor-version":[{"id":269,"href":"https:\/\/farmarketing.lt\/index.php\/wp-json\/wp\/v2\/pages\/153\/revisions\/269"}],"wp:attachment":[{"href":"https:\/\/farmarketing.lt\/index.php\/wp-json\/wp\/v2\/media?parent=153"}],"curies":[{"name":"wp","href":"https:\/\/api.w.org\/{rel}","templated":true}]}}