{"id":12,"date":"2020-08-01T12:47:47","date_gmt":"2020-08-01T14:47:47","guid":{"rendered":"http:\/\/www.farmarketing.lt\/?page_id=9"},"modified":"2026-04-23T14:22:16","modified_gmt":"2026-04-23T12:22:16","slug":"contacts","status":"publish","type":"page","link":"https:\/\/farmarketing.lt\/index.php\/contacts\/","title":{"rendered":"Kontaktai"},"content":{"rendered":"\n<p><a href=\"\/\">\u012e prad\u017eia<\/a><\/p>\n\n\n\n<p class=\"has-text-align-center\"><strong>MB &#8222;Farmarketing&#8221;<\/strong><\/p>\n\n\n\n<p class=\"has-text-align-center\">\u017dagreni\u0173 g. 5, LT-47210 Kaunas<\/p>\n\n\n\n<p class=\"has-text-align-center\">Tel. +370 650 84425<\/p>\n\n\n\n<p class=\"has-text-align-center\">El.p. info@farmarketing.lt<\/p>\n","protected":false},"excerpt":{"rendered":"<p>\u012e prad\u017eia MB &#8222;Farmarketing&#8221; \u017dagreni\u0173 g. 5, LT-47210 Kaunas Tel. +370 650 84425 El.p. info@farmarketing.lt<\/p>\n","protected":false},"author":1,"featured_media":0,"parent":0,"menu_order":0,"comment_status":"closed","ping_status":"closed","template":"","meta":{"footnotes":""},"class_list":["post-12","page","type-page","status-publish","hentry"],"_links":{"self":[{"href":"https:\/\/farmarketing.lt\/index.php\/wp-json\/wp\/v2\/pages\/12","targetHints":{"allow":["GET"]}}],"collection":[{"href":"https:\/\/farmarketing.lt\/index.php\/wp-json\/wp\/v2\/pages"}],"about":[{"href":"https:\/\/farmarketing.lt\/index.php\/wp-json\/wp\/v2\/types\/page"}],"author":[{"embeddable":true,"href":"https:\/\/farmarketing.lt\/index.php\/wp-json\/wp\/v2\/users\/1"}],"replies":[{"embeddable":true,"href":"https:\/\/farmarketing.lt\/index.php\/wp-json\/wp\/v2\/comments?post=12"}],"version-history":[{"count":1,"href":"https:\/\/farmarketing.lt\/index.php\/wp-json\/wp\/v2\/pages\/12\/revisions"}],"predecessor-version":[{"id":277,"href":"https:\/\/farmarketing.lt\/index.php\/wp-json\/wp\/v2\/pages\/12\/revisions\/277"}],"wp:attachment":[{"href":"https:\/\/farmarketing.lt\/index.php\/wp-json\/wp\/v2\/media?parent=12"}],"curies":[{"name":"wp","href":"https:\/\/api.w.org\/{rel}","templated":true}]}}