{"id":11,"date":"2020-08-01T12:37:49","date_gmt":"2020-08-01T14:37:49","guid":{"rendered":"http:\/\/www.farmarketing.lt\/?page_id=2"},"modified":"2023-01-12T11:25:19","modified_gmt":"2023-01-12T09:25:19","slug":"privacy-policy-2","status":"publish","type":"page","link":"https:\/\/farmarketing.lt\/index.php\/privacy-policy-2\/","title":{"rendered":"Privatumo taisykl\u0117s"},"content":{"rendered":"<p style=\"text-align: left;\" align=\"center\"><a href=\"\/\">\u012e prad\u017eia<\/a><\/p>\n<p class=\"western\" align=\"center\"><b>BENDROSIOS NUOSTATOS<\/b><\/p>\n<p class=\"western\" align=\"justify\">Interneto svetain\u0117s www.farmarketing.lt, www.pharmashop.lt, www.onlinecrm.lt (toliau \u2013 SVETAIN\u0116) ir jos duomen\u0173 valdytojas yra MB \u201eFarmarketing\u201c (toliau \u2013 \u012eMON\u0116), \u012fmon\u0117s kodas <span style=\"color: #000000;\"><span style=\"font-size: medium;\"><span lang=\"lt-LT\">305594339<\/span><\/span><\/span>, buvein\u0117s adresas \u017dagreni\u0173 g. 5, LT-47210 Kaunas.<\/p>\n<p class=\"western\" align=\"justify\">\u012eMON\u0116 gerbia J\u016bs\u0173 teis\u0119 \u012f privatum\u0105 ir asmens duomen\u0173 apsaug\u0105 ir \u012fsipareigoja j\u0105 u\u017etikrinti.<\/p>\n<p class=\"western\" align=\"justify\">\u0160i Privatumo politika reglamentuoja pagrindinius svetain\u0117s naudotoj\u0173 asmens duomen\u0173 rinkimo, tvarkymo bei saugojimo principus bei tvark\u0105.<\/p>\n<p class=\"western\" align=\"justify\">J\u016bs\u0173 asmens duomenis \u012eMON\u0116 tvarko vadovaudamasis Bendrojo duomen\u0173 apsaugos reglamento (BDAR), Lietuvos Respublikos asmens duomen\u0173 teisin\u0117s apsaugos \u012fstatymo, Lietuvos Respublikos elektronini\u0173 ry\u0161i\u0173 \u012fstatymo ir kit\u0173 teis\u0117s akt\u0173, reglamentuojan\u010di\u0173 asmens duomen\u0173 apsaug\u0105, nuostatomis.<\/p>\n<p class=\"western\" align=\"justify\">Pagrindin\u0117s Privatumo politikoje vartojamos s\u0105vokos:<\/p>\n<p class=\"western\" align=\"justify\"><b>Asmens duomenys<\/b> \u2013 bet kuri informacija, susijusi su fiziniu asmeniu, kurio tapatyb\u0117 yra \u017einoma arba gali b\u016bti tiesiogiai arba netiesiogiai nustatyta pasinaudojant asmens duomenimis, tokiais kaip vardas, pavard\u0117, asmens kodas, adresas, elektroninio pa\u0161to adresas, buvimo vietos duomenys, interneto identifikatorius ir kt.<\/p>\n<p class=\"western\" align=\"justify\"><b>Duomen\u0173 subjektas<\/b> \u2013 fizinis asmuo, kurio tapatyb\u0117 yra \u017einoma arba gali b\u016bti tiesiogiai arba netiesiogiai nustatyta pasinaudojant asmens duomenimis.<\/p>\n<p class=\"western\" align=\"justify\"><b>Tvarkymas<\/b> \u2013 tai bet koks su asmens duomenimis atliekamas veiksmas ar veiksm\u0173 rinkinys (rinkimas, \u012fra\u0161ymas, naudojimas, susipa\u017einimas, saugojimas, atskleidimas ir kt.).<\/p>\n<p class=\"western\" align=\"justify\">Asmenys, jaunesni nei 14 met\u0173, negali teikti joki\u0173 asmens duomen\u0173 per m\u016bs\u0173 valdomas interneto svetaines ir (ar) socialini\u0173 tinkl\u0173 paskyras. Jei esate asmuo, jaunesnis nei 14 met\u0173, prie\u0161 pateikdamas asmenin\u0119 informacij\u0105, turite gauti savo \u012fstatymini\u0173 atstov\u0173 (t\u0117v\u0173, \u012ft\u0117vi\u0173, glob\u0117j\u0173, r\u016bpintoj\u0173) sutikim\u0105.<\/p>\n<p class=\"western\" align=\"center\"><b>ASMENS DUOMEN\u0172 TVARKYMO TIKSLAI, TEIS\u0116TUMO S\u0104LYGOS<\/b><\/p>\n<p class=\"western\" align=\"justify\">\u012eMON\u0116 svetain\u0117je tvarko J\u016bs\u0173 asmens duomenis \u0161iais tikslais ir remiantis \u0161iais pagrindais:<\/p>\n<p class=\"western\" align=\"justify\">1. naujienlai\u0161ki\u0173 prenumeratos, preki\u0173 u\u017esakymo, ry\u0161i\u0173 su klientais administravimo ir informacijos apie \u012eMON\u0116S veikl\u0105 pateikimo prenumeratoriams tikslu tvarkome J\u016bs\u0173 pateikt\u0105 vard\u0105, pavard\u0119, adres\u0105, telefono numer\u012f, elektroninio pa\u0161to adres\u0105, IP adres\u0105, prenumeratos u\u017esakymo dat\u0105 ir laik\u0105, \u012eMONEI Jums pateiktos informacijos turin\u012f, informacijos pateikimo dat\u0105 ir laik\u0105. \u0160iuos duomenis tvarkome J\u016bs\u0173 sutikimu;<\/p>\n<p class=\"western\" align=\"justify\">2. siekiant u\u017etikrinti, kad gal\u0117tum\u0117te naudotis interneto svetaine, siekdami pagerinti svetain\u0117s veikim\u0105 ir naudojim\u0105si ja, tvarkome interneto svetain\u0117s lankytoj\u0173 asmens duomenis, kuriuos gauname slapuk\u0173 pagalba (i\u0161sami informacija apie slapuk\u0173 naudojim\u0105 pateikiama skyriuje \u201eSlapukai\u201c). \u0160iuos duomenis tvarkome \u012eMON\u0116S marketingo tikslais.<\/p>\n<p class=\"western\" align=\"center\"><b>ASMENS DUOMEN\u0172 TEIKIMAS<\/b><\/p>\n<p class=\"western\" align=\"justify\">J\u016bs\u0173 asmens duomen\u0173 neteikiame tretiesiems asmenims, i\u0161skyrus \u0161iuos atvejus:<\/p>\n<p class=\"western\" align=\"justify\">1. jei yra J\u016bs\u0173 sutikimas;<\/p>\n<p class=\"western\" align=\"justify\">2. J\u016bs\u0173 asmens duomenis teikti tretiesiems asmenims \u012fpareigoja \u012fstatymai ir kiti teis\u0117s aktai;<\/p>\n<p class=\"western\" align=\"justify\">3. teis\u0117saugos institucijoms pagal j\u0173 pra\u0161ymus teis\u0117s akt\u0173 nustatyta tvarka.<\/p>\n<p class=\"western\" align=\"justify\">J\u016bs\u0173 asmens duomenis galime perduoti m\u016bs\u0173 pasirinktiems paslaug\u0173 teik\u0117jams (IT sistem\u0173 prie\u017ei\u016bros \u012fmon\u0117ms, interneto svetain\u0117s talpinimo paslaugas teikian\u010dioms \u012fmon\u0117ms, duomen\u0173 saugojimo paslaugas teikian\u010dioms \u012fmon\u0117ms ir pan.). M\u016bs\u0173 pasirinkti paslaug\u0173 teik\u0117jai J\u016bs\u0173 asmens duomenis tvarko \u012eMON\u0116S vardu ir pagal \u012eMON\u0116S nurodymus.<\/p>\n<p class=\"western\" align=\"center\"><b>ASMENS DUOMEN\u0172 SAUGOJIMAS<\/b><\/p>\n<p class=\"western\" align=\"justify\">Tvarkydami J\u016bs\u0173 asmens duomenis \u012fgyvendiname reikiamas organizacines ir technines asmens duomen\u0173 saugumo priemones siekiant apsaugoti J\u016bs\u0173 asmens duomenis nuo atsitiktinio ar neteis\u0117to atskleidimo ar kitokio neteis\u0117to tvarkymo.<\/p>\n<p class=\"western\" align=\"justify\">J\u016bs\u0173 duomenis prenumeratos ir preki\u0173 u\u017esakymo tikslais saugosime 4 (keturis) metus arba kol at\u0161auksite sutikim\u0105.<\/p>\n<p class=\"western\" align=\"justify\">Slapuk\u0173 pagalba surinktus asmens duomenis saugosime slapuko galiojimo laikotarpiu. Pasibaigus nurodytiems terminams, duomenys bus i\u0161trinami taip, kad neb\u016bt\u0173 galima j\u0173 atstatyti.<\/p>\n<p class=\"western\" align=\"center\"><b>SUBJEKT\u0172 TEIS\u0116S<\/b><\/p>\n<p class=\"western\" align=\"justify\">Teis\u0117s akt\u0173 nustatyta tvarka J\u016bs turite teis\u0119:<\/p>\n<p class=\"western\" align=\"justify\">1. susipa\u017einti su savo asmens duomenimis ir gauti j\u0173 kopij\u0105;<\/p>\n<p class=\"western\" align=\"justify\">2. reikalauti i\u0161taisyti neteisingus ar netikslius asmens duomenis;<\/p>\n<p class=\"western\" align=\"justify\">3. nesutikti su J\u016bs\u0173 asmens duomen\u0173 tvarkymu; tokiu atveju J\u016bs galite netekti galimyb\u0117s naudotis m\u016bs\u0173 svetain\u0117s turiniu ir paslaugomis;<\/p>\n<p class=\"western\" align=\"justify\">4. reikalauti apriboti asmens duomen\u0173 tvarkym\u0105;<\/p>\n<p class=\"western\" align=\"justify\">5. at\u0161aukti duot\u0105 sutikim\u0105 d\u0117l slapuk\u0173, naujienlai\u0161ki\u0173 siuntimo.<\/p>\n<p class=\"western\" align=\"justify\">Pra\u0161ymus ar klausimus, susijusius su J\u016bs\u0173 asmens duomen\u0173 tvarkymu, \u012eMONEI pra\u0161ome pateikti adresu \u017dagreni\u0173 g. 5, LT-47210 Kaunas, arba el. pa\u0161tu info@farmarketing.lt.<\/p>\n<p class=\"western\" align=\"center\"><b>SLAPUKAI<\/b><\/p>\n<p class=\"western\" align=\"justify\">Svetain\u0117je yra naudojami slapukai.<\/p>\n<p class=\"western\" align=\"justify\">Slapukai (angl. cookies) yra tekstiniai failai, kurie yra \u012fra\u0161omi \u012f \u012frenginio (pvz., kompiuterio, mobiliojo telefono, plan\u0161et\u0117s) nar\u0161ykl\u0119, kai J\u016bs nar\u0161ote svetain\u0117je, ir renkantys informacij\u0105 apie J\u016bs\u0173 nar\u0161ym\u0105.<\/p>\n<p class=\"western\" align=\"justify\">Jums pirm\u0105 kart\u0105 apsilankius svetain\u0117je, slapukai perkeliami \u012f J\u016bs\u0173 kompiuter\u012f ir v\u0117liau naudojami J\u016bs\u0173 kompiuteriui identifikuoti. Tai \u012fprasta nar\u0161ymo interneto svetain\u0117se praktika, palengvinanti nar\u0161ym\u0105 J\u016bs\u0173 jau lankytoje interneto svetain\u0117je ir supaprastinanti prieig\u0105 prie skelbiamos informacijos.<\/p>\n<p class=\"western\" align=\"justify\">Slapuk\u0173 pagalba yra tvarkomas J\u016bs\u0173 IP adresas, nar\u0161ymo informacija, tokia kaip aplankytos interneto svetain\u0117s sritys, tinklapyje praleistas laikas ir pan.<\/p>\n<p class=\"western\" align=\"justify\">Analizuodami \u0161iuos duomenis, galime savo Svetain\u0119 tobulinti bei padaryti j\u0105 patogesn\u0119 naudojimui.<\/p>\n<p class=\"western\" align=\"center\"><b>BAIGIAMOSIOS NUOSTATOS<\/b><\/p>\n<p class=\"western\" align=\"justify\">Privatumo taisykl\u0117s per\u017ei\u016brimos ir atnaujinamos ne re\u010diau, kaip kart\u0105 per dvejus metus, arba pasikeitus teis\u0117s aktams, reglamentuojantiems asmens duomen\u0173 tvarkym\u0105. Atnaujin\u0119 Privatumo taisykles, informuosime Jus apie, m\u016bs\u0173 vertinimu, esminius pakeitimus, paskelbdami prane\u0161im\u0105 Svetain\u0117je ar kitu pana\u0161iu b\u016bdu. Jei naudosit\u0117s m\u016bs\u0173 teikiamu turiniu ir (ar) paslaugomis po tokio prane\u0161imo paskelbimo, laikysime, kad sutinkate su naujais reikalavimais, nurodytais atnaujintose Privatumo taisykl\u0117se.<\/p>\n<p class=\"western\" align=\"justify\"><b>T\u0119sdami nar\u0161ym\u0105 Svetain\u0117je, J\u016bs patvirtinate, kad susipa\u017einote su \u0161iomis Privatumo taisykl\u0117mis, suprantate j\u0173 nuostatas ir sutinkate su jomis.<\/b><\/p>\n<p align=\"justify\"><a href=\"\/\">\u012e prad\u017eia<\/a><\/p>\n","protected":false},"excerpt":{"rendered":"<p>\u012e prad\u017eia BENDROSIOS NUOSTATOS Interneto svetain\u0117s www.farmarketing.lt, www.pharmashop.lt, www.onlinecrm.lt (toliau \u2013 SVETAIN\u0116) ir jos duomen\u0173 valdytojas yra MB \u201eFarmarketing\u201c (toliau \u2013 \u012eMON\u0116), \u012fmon\u0117s kodas 305594339, buvein\u0117s adresas \u017dagreni\u0173 g. 5, LT-47210 Kaunas. \u012eMON\u0116 gerbia J\u016bs\u0173 teis\u0119 \u012f privatum\u0105 ir asmens duomen\u0173 apsaug\u0105 ir \u012fsipareigoja j\u0105 u\u017etikrinti. \u0160i Privatumo politika reglamentuoja pagrindinius svetain\u0117s naudotoj\u0173 asmens duomen\u0173 rinkimo, tvarkymo bei saugojimo principus [&hellip;]<\/p>\n","protected":false},"author":1,"featured_media":0,"parent":0,"menu_order":0,"comment_status":"closed","ping_status":"closed","template":"","meta":{"footnotes":""},"class_list":["post-11","page","type-page","status-publish","hentry"],"_links":{"self":[{"href":"https:\/\/farmarketing.lt\/index.php\/wp-json\/wp\/v2\/pages\/11","targetHints":{"allow":["GET"]}}],"collection":[{"href":"https:\/\/farmarketing.lt\/index.php\/wp-json\/wp\/v2\/pages"}],"about":[{"href":"https:\/\/farmarketing.lt\/index.php\/wp-json\/wp\/v2\/types\/page"}],"author":[{"embeddable":true,"href":"https:\/\/farmarketing.lt\/index.php\/wp-json\/wp\/v2\/users\/1"}],"replies":[{"embeddable":true,"href":"https:\/\/farmarketing.lt\/index.php\/wp-json\/wp\/v2\/comments?post=11"}],"version-history":[{"count":1,"href":"https:\/\/farmarketing.lt\/index.php\/wp-json\/wp\/v2\/pages\/11\/revisions"}],"predecessor-version":[{"id":198,"href":"https:\/\/farmarketing.lt\/index.php\/wp-json\/wp\/v2\/pages\/11\/revisions\/198"}],"wp:attachment":[{"href":"https:\/\/farmarketing.lt\/index.php\/wp-json\/wp\/v2\/media?parent=11"}],"curies":[{"name":"wp","href":"https:\/\/api.w.org\/{rel}","templated":true}]}}